{"id":1606,"date":"2019-05-05T23:47:01","date_gmt":"2019-05-05T21:47:01","guid":{"rendered":"http:\/\/www.domacitvoreni.cz\/?page_id=1606"},"modified":"2020-12-27T18:59:36","modified_gmt":"2020-12-27T17:59:36","slug":"sv","status":"publish","type":"page","link":"https:\/\/www.domacitvoreni.cz\/","title":{"rendered":"Dom\u00e1c\u00ed pe\u010den\u00ed"},"content":{"rendered":"\n<p>Pamatuju si, jak jsem nen\u00e1vid\u011bla pe\u010den\u00ed, a kdy\u017e byly d\u011bti mal\u00e9 vysvobozovala m\u011b moje maminka, kter\u00e1 v\u017edy n\u011bco pe\u010den\u00e9ho na zub poslala. Pozd\u011bji jsem v\u0161ak za\u010dala zkou\u0161et cukrov\u00ed a jednoduch\u00e9 buchty a nakonec jsem si pe\u010den\u00ed docela obl\u00edbila. Hlavn\u011b drobn\u00e9 cukrov\u00ed, kde jsem se mohla vy\u0159\u00e1dit p\u0159i zdoben\u00ed. Motiva\u010dn\u00ed je tak\u00e9 skute\u010dnost, kdy\u017e je o cukrov\u00ed z\u00e1jem a chutn\u00e1,  a co si budeme nalh\u00e1vat nejv\u00edce je motiva\u010dn\u00ed pochvala a obdiv okol\u00ed, kter\u00e9 nepe\u010de. V sou\u010dasn\u00e9 dob\u011b je v m\u00f3d\u011b dom\u00e1c\u00ed pe\u010den\u00ed \u010dehokoli. Od chleba, housti\u010dek, mufinu, kol\u00e1\u010d\u016f , cukrov\u00ed a\u017e po dorty. N\u011bco jsem si vyzkou\u0161ela a na t\u00e9to str\u00e1nce se m\u016f\u017eete pod\u00edvat v rubrik\u00e1ch na m\u00e9 amat\u00e9rsk\u00e9 tvo\u0159en\u00ed a vlastn\u011b i amat\u00e9rsk\u00e9 focen\u00ed. T\u0159eba n\u011bkomu poskytne inspiraci. Sama ji tak\u00e9 hled\u00e1m na internetu.<\/p>\n\n\n\n<figure class=\"wp-block-image\"><img loading=\"lazy\" decoding=\"async\" width=\"1024\" height=\"770\" src=\"https:\/\/www.domacitvoreni.cz\/wp-content\/uploads\/2019\/05\/pe\u010den\u00ed_ilustr_foto-1024x770.jpg\" alt=\"\" class=\"wp-image-1621\" srcset=\"https:\/\/www.domacitvoreni.cz\/wp-content\/uploads\/2019\/05\/pe\u010den\u00ed_ilustr_foto-1024x770.jpg 1024w, https:\/\/www.domacitvoreni.cz\/wp-content\/uploads\/2019\/05\/pe\u010den\u00ed_ilustr_foto-300x226.jpg 300w, https:\/\/www.domacitvoreni.cz\/wp-content\/uploads\/2019\/05\/pe\u010den\u00ed_ilustr_foto-768x577.jpg 768w, https:\/\/www.domacitvoreni.cz\/wp-content\/uploads\/2019\/05\/pe\u010den\u00ed_ilustr_foto-1200x902.jpg 1200w\" sizes=\"auto, (max-width: 1024px) 100vw, 1024px\" \/><\/figure>\n\n\n\n<p><\/p>\n<h3>Souvisej\u00edc\u00ed obr\u00e1zky:<\/h3>","protected":false},"excerpt":{"rendered":"<p>Pamatuju si, jak jsem nen\u00e1vid\u011bla pe\u010den\u00ed, a kdy\u017e byly d\u011bti mal\u00e9 vysvobozovala m\u011b moje maminka, kter\u00e1 v\u017edy n\u011bco pe\u010den\u00e9ho na zub poslala. Pozd\u011bji jsem v\u0161ak za\u010dala zkou\u0161et cukrov\u00ed a jednoduch\u00e9 buchty a nakonec jsem si pe\u010den\u00ed docela obl\u00edbila. Hlavn\u011b drobn\u00e9 cukrov\u00ed, kde jsem se mohla vy\u0159\u00e1dit p\u0159i zdoben\u00ed. Motiva\u010dn\u00ed je tak\u00e9 skute\u010dnost, kdy\u017e je o &#8230; <span class=\"more\"><a class=\"more-link\" href=\"https:\/\/www.domacitvoreni.cz\/\">[Read more&#8230;]<\/a><\/span><\/p>\n","protected":false},"author":4,"featured_media":0,"parent":680,"menu_order":0,"comment_status":"closed","ping_status":"closed","template":"","meta":{"ngg_post_thumbnail":0,"footnotes":""},"class_list":["entry","page","publish","author-autor","post-1606"],"_links":{"self":[{"href":"https:\/\/www.domacitvoreni.cz\/index.php?rest_route=\/wp\/v2\/pages\/1606","targetHints":{"allow":["GET"]}}],"collection":[{"href":"https:\/\/www.domacitvoreni.cz\/index.php?rest_route=\/wp\/v2\/pages"}],"about":[{"href":"https:\/\/www.domacitvoreni.cz\/index.php?rest_route=\/wp\/v2\/types\/page"}],"author":[{"embeddable":true,"href":"https:\/\/www.domacitvoreni.cz\/index.php?rest_route=\/wp\/v2\/users\/4"}],"replies":[{"embeddable":true,"href":"https:\/\/www.domacitvoreni.cz\/index.php?rest_route=%2Fwp%2Fv2%2Fcomments&post=1606"}],"version-history":[{"count":13,"href":"https:\/\/www.domacitvoreni.cz\/index.php?rest_route=\/wp\/v2\/pages\/1606\/revisions"}],"predecessor-version":[{"id":1727,"href":"https:\/\/www.domacitvoreni.cz\/index.php?rest_route=\/wp\/v2\/pages\/1606\/revisions\/1727"}],"up":[{"embeddable":true,"href":"https:\/\/www.domacitvoreni.cz\/index.php?rest_route=\/wp\/v2\/pages\/680"}],"wp:attachment":[{"href":"https:\/\/www.domacitvoreni.cz\/index.php?rest_route=%2Fwp%2Fv2%2Fmedia&parent=1606"}],"curies":[{"name":"wp","href":"https:\/\/api.w.org\/{rel}","templated":true}]}}